{"id":6,"date":"2023-09-26T16:28:38","date_gmt":"2023-09-26T14:28:38","guid":{"rendered":"http:\/\/hospicjum-nadzieja.pl\/?page_id=6"},"modified":"2023-09-26T16:28:38","modified_gmt":"2023-09-26T14:28:38","slug":"cel-dzialania","status":"publish","type":"page","link":"https:\/\/hospicjum-nadzieja.pl\/?page_id=6","title":{"rendered":"Cel dzia\u0142ania"},"content":{"rendered":"\n<p class=\"has-text-align-left\"><\/p>\n\n\n\n<hr class=\"wp-block-separator has-alpha-channel-opacity\"\/>\n\n\n\n<ol class=\"wp-block-list\">\n<li>Pomoc osobom chorym na nowotw\u00f3r i innymi chorobami nie nowotworowymi, kt\u00f3re nie maj\u0105 nadziei na wyleczenie, przewlekle chorym, d\u0142ugoterminowym oraz osobom niepe\u0142nosprawnym niekwalifikuj\u0105cych si\u0119 do hospitalizacji, a wymagaj\u0105cych kontynuacji \u015bwiadcze\u0144 lekarskich, piel\u0119gniarskich, rehabilitacyjnych, psychologicznych, opieku\u0144czych i socjalnych w domu.<\/li>\n\n\n\n<li>Wspieranie idei opieki paliatywnej i d\u0142ugoterminowej.<\/li>\n\n\n\n<li>Zwi\u0119kszenie aktywno\u015bci \u017cyciowej i zaradno\u015bci osobistej os\u00f3b z chorob\u0105 nowotworow\u0105 i niepe\u0142nosprawnych.<\/li>\n\n\n\n<li> Zwi\u0119kszanie wydolno\u015bci opieku\u0144czej rodziny.<\/li>\n\n\n\n<li>Poprawa jako\u015bci opieki zdrowotnej nad osobami chorymi na chorob\u0119 nowotworow\u0105, przewlekle chorymi i niepe\u0142nosprawnymi.<\/li>\n\n\n\n<li>Dzia\u0142alno\u015b\u0107 charytatywna na rzecz chorych.<\/li>\n\n\n\n<li>Propagowanie wiedzy o opiece paliatywnej i opiece nad ob\u0142o\u017cnie chorymi.<\/li>\n\n\n\n<li>Ochrona i promocja zdrowia.<\/li>\n<\/ol>\n\n\n\n<p> <hr class=\"wp-block-separator has-alpha-channel-opacity\"><\/hr><\/p>\n","protected":false},"excerpt":{"rendered":"","protected":false},"author":1,"featured_media":0,"parent":0,"menu_order":0,"comment_status":"closed","ping_status":"closed","template":"","meta":{"hide_page_title":"","_coblocks_attr":"","_coblocks_dimensions":"","_coblocks_responsive_height":"","_coblocks_accordion_ie_support":"","footnotes":""},"class_list":["post-6","page","type-page","status-publish","hentry"],"_links":{"self":[{"href":"https:\/\/hospicjum-nadzieja.pl\/index.php?rest_route=\/wp\/v2\/pages\/6","targetHints":{"allow":["GET"]}}],"collection":[{"href":"https:\/\/hospicjum-nadzieja.pl\/index.php?rest_route=\/wp\/v2\/pages"}],"about":[{"href":"https:\/\/hospicjum-nadzieja.pl\/index.php?rest_route=\/wp\/v2\/types\/page"}],"author":[{"embeddable":true,"href":"https:\/\/hospicjum-nadzieja.pl\/index.php?rest_route=\/wp\/v2\/users\/1"}],"replies":[{"embeddable":true,"href":"https:\/\/hospicjum-nadzieja.pl\/index.php?rest_route=%2Fwp%2Fv2%2Fcomments&post=6"}],"version-history":[{"count":1,"href":"https:\/\/hospicjum-nadzieja.pl\/index.php?rest_route=\/wp\/v2\/pages\/6\/revisions"}],"predecessor-version":[{"id":8,"href":"https:\/\/hospicjum-nadzieja.pl\/index.php?rest_route=\/wp\/v2\/pages\/6\/revisions\/8"}],"wp:attachment":[{"href":"https:\/\/hospicjum-nadzieja.pl\/index.php?rest_route=%2Fwp%2Fv2%2Fmedia&parent=6"}],"curies":[{"name":"wp","href":"https:\/\/api.w.org\/{rel}","templated":true}]}}