{"id":58,"date":"2023-10-31T08:03:47","date_gmt":"2023-10-31T07:03:47","guid":{"rendered":"http:\/\/hospicjum-nadzieja.pl\/?page_id=58"},"modified":"2023-10-31T17:56:55","modified_gmt":"2023-10-31T16:56:55","slug":"podziekowanie","status":"publish","type":"page","link":"https:\/\/hospicjum-nadzieja.pl\/?page_id=58","title":{"rendered":"Podzi\u0119kowanie"},"content":{"rendered":"\n<p class=\"has-text-align-center\">Podzi\u0119kowania dla <strong>P.Marii Popieluch<\/strong> z Gi\u017cycka<\/p>\n\n\n\n<p><\/p>\n\n\n\n<hr class=\"wp-block-separator has-alpha-channel-opacity coblocks-animate\" data-coblocks-animation=\"fadeIn\"\/>\n\n\n\n<p><\/p>\n\n\n\n<p class=\"has-text-align-center\"><a href=\"https:\/\/urzad.info.pl\/urzad-miasta-elk\/\" target=\"_blank\" rel=\"noreferrer noopener\"><strong>Prezydenta Elku<\/strong> i <strong>urz\u0119dnik\u00f3w<\/strong><\/a><strong> <\/strong>zaanga\u017cowanych w rozpocz\u0119cie naszej dzia\u0142alno\u015bci<\/p>\n\n\n\n<p class=\"has-text-align-center\"><\/p>\n\n\n\n<hr class=\"wp-block-separator has-alpha-channel-opacity coblocks-animate\" data-coblocks-animation=\"fadeIn\"\/>\n\n\n\n<p class=\"has-text-align-center\"><strong><a href=\"http:\/\/fala.elk.pl\/fala2\/\" target=\"_blank\" rel=\"noreferrer noopener\">FALA E\u0142k Sp.z o.o.<\/a><\/strong><\/p>\n\n\n\n<p class=\"has-text-align-center\">Farby dla ka\u017cdego<\/p>\n\n\n\n<p><\/p>\n\n\n\n<hr class=\"wp-block-separator has-alpha-channel-opacity coblocks-animate\" data-coblocks-animation=\"fadeIn\"\/>\n\n\n\n<p><\/p>\n\n\n\n<p class=\"has-text-align-center\"><strong><a href=\"https:\/\/www.castorama.pl\/sklepy\/elk.html\" target=\"_blank\" rel=\"noreferrer noopener\">Castoramy <\/a><\/strong>za podarowane materia\u0142y<\/p>\n\n\n\n<p><\/p>\n\n\n\n<hr class=\"wp-block-separator has-alpha-channel-opacity coblocks-animate\" data-coblocks-animation=\"fadeIn\"\/>\n\n\n\n<p class=\"has-text-align-center\"><a href=\"https:\/\/www.impress.biz\/pl\/\" target=\"_blank\" rel=\"noreferrer noopener\"><strong>Impress Decor Polska Sp. z o.o.<\/strong> <\/a><\/p>\n\n\n\n<p class=\"has-text-align-center\">Druk papier\u00f3w dekoracyjnych i folii finish<\/p>\n\n\n\n<p><\/p>\n\n\n\n<hr class=\"wp-block-separator has-alpha-channel-opacity coblocks-animate\" data-coblocks-animation=\"fadeIn\"\/>\n\n\n\n<p>Wszystkim darczy\u0144com wp\u0142acaj\u0105cym darowizny na konto Stowarzyszenia<\/p>\n\n\n\n<p>PKO BP S.A. <strong>74 1020 4724 0000 3402 0349 3947<\/strong> z dopiskiem <strong>DAROWIZNA<\/strong><\/p>\n","protected":false},"excerpt":{"rendered":"<p>Podzi\u0119kowania dla P.Marii Popieluch z Gi\u017cycka Prezydenta Elku i urz\u0119dnik\u00f3w zaanga\u017cowanych w rozpocz\u0119cie naszej dzia\u0142alno\u015bci FALA E\u0142k Sp.z o.o. Farby dla ka\u017cdego Castoramy za podarowane materia\u0142y Impress Decor Polska Sp. z o.o. Druk papier\u00f3w dekoracyjnych i folii finish Wszystkim darczy\u0144com wp\u0142acaj\u0105cym darowizny na konto Stowarzyszenia PKO BP S.A. 74 1020 4724 0000 3402 0349 3947 [&hellip;]<\/p>\n","protected":false},"author":1,"featured_media":0,"parent":0,"menu_order":0,"comment_status":"closed","ping_status":"closed","template":"","meta":{"hide_page_title":"","_coblocks_attr":"","_coblocks_dimensions":"","_coblocks_responsive_height":"","_coblocks_accordion_ie_support":"","footnotes":""},"class_list":["post-58","page","type-page","status-publish","hentry"],"_links":{"self":[{"href":"https:\/\/hospicjum-nadzieja.pl\/index.php?rest_route=\/wp\/v2\/pages\/58","targetHints":{"allow":["GET"]}}],"collection":[{"href":"https:\/\/hospicjum-nadzieja.pl\/index.php?rest_route=\/wp\/v2\/pages"}],"about":[{"href":"https:\/\/hospicjum-nadzieja.pl\/index.php?rest_route=\/wp\/v2\/types\/page"}],"author":[{"embeddable":true,"href":"https:\/\/hospicjum-nadzieja.pl\/index.php?rest_route=\/wp\/v2\/users\/1"}],"replies":[{"embeddable":true,"href":"https:\/\/hospicjum-nadzieja.pl\/index.php?rest_route=%2Fwp%2Fv2%2Fcomments&post=58"}],"version-history":[{"count":9,"href":"https:\/\/hospicjum-nadzieja.pl\/index.php?rest_route=\/wp\/v2\/pages\/58\/revisions"}],"predecessor-version":[{"id":68,"href":"https:\/\/hospicjum-nadzieja.pl\/index.php?rest_route=\/wp\/v2\/pages\/58\/revisions\/68"}],"wp:attachment":[{"href":"https:\/\/hospicjum-nadzieja.pl\/index.php?rest_route=%2Fwp%2Fv2%2Fmedia&parent=58"}],"curies":[{"name":"wp","href":"https:\/\/api.w.org\/{rel}","templated":true}]}}