{"id":20,"date":"2023-09-26T18:41:09","date_gmt":"2023-09-26T16:41:09","guid":{"rendered":"http:\/\/hospicjum-nadzieja.pl\/?page_id=20"},"modified":"2023-09-26T20:22:30","modified_gmt":"2023-09-26T18:22:30","slug":"o-nas","status":"publish","type":"page","link":"https:\/\/hospicjum-nadzieja.pl\/","title":{"rendered":"O nas"},"content":{"rendered":"\n<p><\/p>\n\n\n\n<figure class=\"wp-block-image size-large\"><img loading=\"lazy\" decoding=\"async\" width=\"1024\" height=\"791\" src=\"http:\/\/hospicjum-nadzieja.pl\/wp-content\/uploads\/2023\/09\/hands-216982_1280-1024x791.jpg\" alt=\"\" class=\"wp-image-52\" srcset=\"https:\/\/hospicjum-nadzieja.pl\/wp-content\/uploads\/2023\/09\/hands-216982_1280-1024x791.jpg 1024w, https:\/\/hospicjum-nadzieja.pl\/wp-content\/uploads\/2023\/09\/hands-216982_1280-300x232.jpg 300w, https:\/\/hospicjum-nadzieja.pl\/wp-content\/uploads\/2023\/09\/hands-216982_1280-768x593.jpg 768w, https:\/\/hospicjum-nadzieja.pl\/wp-content\/uploads\/2023\/09\/hands-216982_1280.jpg 1280w\" sizes=\"auto, (max-width: 1024px) 100vw, 1024px\" \/><\/figure>\n\n\n\n<p><\/p>\n\n\n\n<p><\/p>\n\n\n\n<hr class=\"wp-block-separator has-alpha-channel-opacity\"\/>\n\n\n\n<p>Stowarzyszenie <strong>&#8220;Nadzieja&#8221;<\/strong>powsta\u0142o dzi\u0119ki wsp\u00f3\u0142pracy wielu wspania\u0142ych ludzi, kt\u00f3rzy stan\u0119li na naszej drodze podczas pracy zawodowej, jak i \u017cycia prywatnego. Gdyby nie Oni nie by\u0142yby\u015bmy w miejscu, w kt\u00f3rym jeste\u015bmy dzisiaj. Kieruj\u0105c si\u0119 w \u017cyciu zasad\u0105, \u017ce dobro wraca do cz\u0142owieka, chcia\u0142yby\u015bmy odda\u0107 to, co same dobrego dosta\u0142y\u015bmy. Wraz z naszym zespo\u0142em ludzi pe\u0142nych pasji do swojego zawodu&nbsp; postaramy si\u0119 aby nasza praca i pomoc by\u0142a \u015bwiadczona na jak najwy\u017cszym poziomie.<\/p>\n\n\n\n<hr class=\"wp-block-separator has-alpha-channel-opacity\"\/>\n\n\n\n<p class=\"has-text-align-center\">Godz otwarcia<\/p>\n\n\n\n<p><\/p>\n\n\n\n<hr class=\"wp-block-separator has-alpha-channel-opacity\"\/>\n\n\n\n<p class=\"has-text-align-center\">\u015awiadczenie w ramach NFZ<\/p>\n\n\n\n<p><\/p>\n\n\n\n<hr class=\"wp-block-separator has-alpha-channel-opacity\"\/>\n\n\n\n<p class=\"has-text-align-center\">Dost\u0119pno\u015b\u0107 dla niepe\u0142nosprawnych<\/p>\n\n\n\n<p><\/p>\n\n\n\n<hr class=\"wp-block-separator has-alpha-channel-opacity\"\/>\n\n\n\n<p class=\"has-text-align-center\">Udogodnienie: <strong>podjazd dla w\u00f3zk\u00f3w<\/strong><\/p>\n","protected":false},"excerpt":{"rendered":"<p>Stowarzyszenie &#8220;Nadzieja&#8221;powsta\u0142o dzi\u0119ki wsp\u00f3\u0142pracy wielu wspania\u0142ych ludzi, kt\u00f3rzy stan\u0119li na naszej drodze podczas pracy zawodowej, jak i \u017cycia prywatnego. Gdyby nie Oni nie by\u0142yby\u015bmy w miejscu, w kt\u00f3rym jeste\u015bmy dzisiaj. Kieruj\u0105c si\u0119 w \u017cyciu zasad\u0105, \u017ce dobro wraca do cz\u0142owieka, chcia\u0142yby\u015bmy odda\u0107 to, co same dobrego dosta\u0142y\u015bmy. Wraz z naszym zespo\u0142em ludzi pe\u0142nych pasji do [&hellip;]<\/p>\n","protected":false},"author":1,"featured_media":0,"parent":0,"menu_order":0,"comment_status":"closed","ping_status":"closed","template":"","meta":{"hide_page_title":"","_coblocks_attr":"","_coblocks_dimensions":"","_coblocks_responsive_height":"","_coblocks_accordion_ie_support":"","footnotes":""},"class_list":["post-20","page","type-page","status-publish","hentry"],"_links":{"self":[{"href":"https:\/\/hospicjum-nadzieja.pl\/index.php?rest_route=\/wp\/v2\/pages\/20","targetHints":{"allow":["GET"]}}],"collection":[{"href":"https:\/\/hospicjum-nadzieja.pl\/index.php?rest_route=\/wp\/v2\/pages"}],"about":[{"href":"https:\/\/hospicjum-nadzieja.pl\/index.php?rest_route=\/wp\/v2\/types\/page"}],"author":[{"embeddable":true,"href":"https:\/\/hospicjum-nadzieja.pl\/index.php?rest_route=\/wp\/v2\/users\/1"}],"replies":[{"embeddable":true,"href":"https:\/\/hospicjum-nadzieja.pl\/index.php?rest_route=%2Fwp%2Fv2%2Fcomments&post=20"}],"version-history":[{"count":5,"href":"https:\/\/hospicjum-nadzieja.pl\/index.php?rest_route=\/wp\/v2\/pages\/20\/revisions"}],"predecessor-version":[{"id":55,"href":"https:\/\/hospicjum-nadzieja.pl\/index.php?rest_route=\/wp\/v2\/pages\/20\/revisions\/55"}],"wp:attachment":[{"href":"https:\/\/hospicjum-nadzieja.pl\/index.php?rest_route=%2Fwp%2Fv2%2Fmedia&parent=20"}],"curies":[{"name":"wp","href":"https:\/\/api.w.org\/{rel}","templated":true}]}}